{"id":2973,"date":"2024-03-11T16:25:19","date_gmt":"2024-03-11T15:25:19","guid":{"rendered":"https:\/\/ambsantasede.esteri.it\/?page_id=2973"},"modified":"2024-06-05T17:06:18","modified_gmt":"2024-06-05T15:06:18","slug":"certificazione-dei-lavori-eseguiti-allestero-da-imprese-italiane-cel","status":"publish","type":"page","link":"https:\/\/ambsantasede.esteri.it\/it\/servizi-consolari-e-visti\/servizi-per-il-cittadino-italiano\/certificazione-dei-lavori-eseguiti-allestero-da-imprese-italiane-cel\/","title":{"rendered":"Certificazione dei Lavori Eseguiti all&#8217;Estero da Imprese Italiane (CEL)"},"content":{"rendered":"<p>La Certificazione dei lavori eseguiti all&#8217;estero da imprese italiane (CEL) prevista dall\u2019Art. 84 DPR 207\/2010, \u00e9 un servizio per il mondo imprenditoriale, la cui finalit\u00e0 \u00e9 quella di attestare le capacit\u00e0 e le qualificazioni delle imprese, consentendo loro di ampliare la sfera di operativit\u00e0 ed aggiudicazione di appalti pubblici.<\/p>\n<p>Per le procedure e la modulistica inerente si consiglia di leggere l&#8217;avviso e consultare gli allegati:<\/p>\n<p>1. <a href=\"https:\/\/ambsantasede.esteri.it\/wp-content\/uploads\/2024\/06\/Avviso_cel.pdf\">Avviso<\/a><\/p>\n<p>2.\u00a0<a href=\"https:\/\/ambsantasede.esteri.it\/wp-content\/uploads\/2024\/06\/Istruzioni-per-le-imprese-e-per-i-tecnici-di-fiducia.pdf\">Istruzioni per le imprese e per i tecnici di fiducia<\/a><\/p>\n<p>&nbsp;<\/p>\n<p>Per i tecnici di fiducia:<\/p>\n<p><a href=\"https:\/\/ambsantasede.esteri.it\/wp-content\/uploads\/2024\/06\/ALLEGATO-2A.pdf\">ALLEGATO 2A<\/a>\u00a0(in PDF) \u2013 Modello di domanda di iscrizione all\u2019elenco dei tecnici di fiducia per l\u2019attuazione dell\u2019art. 84 del D.P.R. 5 ottobre 2010, n. 207<\/p>\n<p><a href=\"https:\/\/ambsantasede.esteri.it\/wp-content\/uploads\/2024\/06\/ALLEGATO-2B.pdf\">ALLEGATO 2B<\/a>\u00a0(in PDF) \u2013 Modello di domanda di cancellazione dall\u2019elenco dei tecnici di fiducia per l\u2019attuazione dell\u2019art. 84 del D.P.R. 5 ottobre 2010, n. 207<\/p>\n<p><a href=\"https:\/\/ambsantasede.esteri.it\/wp-content\/uploads\/2024\/06\/ALLEGATO-4B.pdf\">ALLEGATO 4B<\/a>\u00a0(in PDF) \u2013 Modello di nota di trasmissione del Certificato di Esecuzione Lavori (CEL) ai sensi dell\u2019art. 84 del D.P.R. 5 ottobre 2010, n. 207<\/p>\n<p><a href=\"https:\/\/ambsantasede.esteri.it\/wp-content\/uploads\/2024\/06\/ALLEGATO-4C.pdf\">ALLEGATO 4C<\/a>\u00a0(in PDF) \u2013 Modello di dichiarazione di insussistenza delle condizioni di incompatibilit\u00e0 per l\u2019attuazione dell\u2019art. 84 del D.P.R. 5 ottobre 2010, n. 207<\/p>\n<p><a href=\"https:\/\/ambsantasede.esteri.it\/wp-content\/uploads\/2024\/03\/modello_b_doc-1.pdf\">ALLEGATO B<\/a>\u00a0(in PDF) &#8211; Certificato di esecuzione di lavori eseguiti in Paese estero da imprese aventi sede legale in Italia<\/p>\n<p>Per le imprese:<\/p>\n<p><a href=\"https:\/\/ambsantasede.esteri.it\/wp-content\/uploads\/2024\/06\/ALLEGATO-4A.pdf\">ALLEGATO 4A<\/a>\u00a0(in PDF) \u2013 Modello di richiesta di invio dell\u2019elenco dei tecnici di fiducia per l\u2019attuazione dell\u2019art. 84 del D.P.R. 5 ottobre 2010, n. 207<\/p>\n<p>&nbsp;<\/p>\n","protected":false},"excerpt":{"rendered":"La Certificazione dei lavori eseguiti all&#8217;estero da imprese italiane (CEL) prevista dall\u2019Art. 84 DPR 207\/2010, \u00e9 un servizio per il mondo imprenditoriale, la cui finalit\u00e0 \u00e9 quella di attestare le capacit\u00e0 e le qualificazioni delle imprese, consentendo loro di ampliare la sfera di operativit\u00e0 ed aggiudicazione di appalti pubblici. Per le procedure e la modulistica [&hellip;]","protected":false},"author":4,"featured_media":0,"parent":47,"menu_order":0,"comment_status":"closed","ping_status":"closed","template":"","meta":{"footnotes":""},"class_list":["post-2973","page","type-page","status-publish","hentry"],"_links":{"self":[{"href":"https:\/\/ambsantasede.esteri.it\/it\/wp-json\/wp\/v2\/pages\/2973","targetHints":{"allow":["GET"]}}],"collection":[{"href":"https:\/\/ambsantasede.esteri.it\/it\/wp-json\/wp\/v2\/pages"}],"about":[{"href":"https:\/\/ambsantasede.esteri.it\/it\/wp-json\/wp\/v2\/types\/page"}],"author":[{"embeddable":true,"href":"https:\/\/ambsantasede.esteri.it\/it\/wp-json\/wp\/v2\/users\/4"}],"replies":[{"embeddable":true,"href":"https:\/\/ambsantasede.esteri.it\/it\/wp-json\/wp\/v2\/comments?post=2973"}],"version-history":[{"count":6,"href":"https:\/\/ambsantasede.esteri.it\/it\/wp-json\/wp\/v2\/pages\/2973\/revisions"}],"predecessor-version":[{"id":3698,"href":"https:\/\/ambsantasede.esteri.it\/it\/wp-json\/wp\/v2\/pages\/2973\/revisions\/3698"}],"up":[{"embeddable":true,"href":"https:\/\/ambsantasede.esteri.it\/it\/wp-json\/wp\/v2\/pages\/47"}],"wp:attachment":[{"href":"https:\/\/ambsantasede.esteri.it\/it\/wp-json\/wp\/v2\/media?parent=2973"}],"curies":[{"name":"wp","href":"https:\/\/api.w.org\/{rel}","templated":true}]}}