{"id":2082,"date":"2025-04-03T11:00:14","date_gmt":"2025-04-03T09:00:14","guid":{"rendered":"https:\/\/ambsantasede.esteri.it\/?page_id=2082"},"modified":"2026-02-11T12:31:13","modified_gmt":"2026-02-11T11:31:13","slug":"legalizzazioni","status":"publish","type":"page","link":"https:\/\/ambsantasede.esteri.it\/it\/servizi-consolari-e-visti\/servizi-per-il-cittadino-italiano\/legalizzazioni\/","title":{"rendered":"Legalizzazioni"},"content":{"rendered":"<p style=\"text-align: justify;\">L\u2019Ambasciata d\u2019Italia presso la Santa Sede provvede, ove necessario, agli adempimenti previsti dalle disposizioni contenute nel Decreto Legislativo 3 febbraio 2011, n.71.<\/p>\n<p style=\"text-align: justify;\">Il titolo di studio (pergamena e certificati vari) va presentato in originale o in copia certificata conforme all\u2019originale, gi\u00e0 vidimato dal Dicastero per la Cultura e l\u2019Educazione e dalla Segreteria di Stato vaticana. L\u2019Ambasciata d\u2019Italia legalizza infatti la firma dell\u2019Officiale della Segreteria di Stato.<\/p>\n<p style=\"text-align: justify;\"><strong>ATTENZIONE<\/strong>:<\/p>\n<ul style=\"text-align: justify;\">\n<li>L\u2019Ambasciata d\u2019Italia presso la Santa Sede \u00e8 competente solo per i titoli di studio rilasciati da Universit\u00e0 Pontificie con sede nello Stato della Citt\u00e0 del Vaticano e in Italia, da far valere in Italia.<\/li>\n<li>Per i titoli da far valere in altri Paesi, l\u2019utente dovr\u00e0 rivolgersi all\u2019Ambasciata competente presso la Santa Sede di quel Paese (es. titolo rilasciato dalla Pontificia Universit\u00e0 Gregoriana da far valere in Spagna dovr\u00e0 essere legalizzato dall\u2019Ambasciata di Spagna presso la Santa Sede).<\/li>\n<li>Titoli rilasciati in altri Paesi da Universit\u00e0 collegate alla Santa Sede, dovranno essere presentati all\u2019Autorit\u00e0 consolare italiana in quel Paese (es. titolo di studio rilasciato da un\u2019Universit\u00e0 Pontificia con sede a San Paolo del Brasile dovr\u00e0 essere presentato al Consolato Generale d\u2019Italia a San Paolo).<\/li>\n<\/ul>\n<p style=\"text-align: justify;\"><strong>PRENOTAZIONE APPUNTAMENTI<\/strong><\/p>\n<p style=\"text-align: justify;\">Si potr\u00e0 prenotare il servizio consolare di legalizzazione, nonch\u00e9 il rilascio eventuale della dichiarazione di valore presso questa Ambasciata, attraverso la piattaforma <a href=\"https:\/\/prenotami.esteri.it\/\"><strong>Prenot@mi<\/strong><\/a> (a cui si accede collegandosi al seguente link <a href=\"https:\/\/prenotami.esteri.it\/\">https:\/\/prenotami.esteri.it\/<\/a>). L\u2019appuntamento dovr\u00e0 essere preso a nome del possessore del titolo di studio, anche se questo delegher\u00e0 altra persona o agenzia.<\/p>\n<p style=\"text-align: justify;\"><strong>ATTENZIONE<\/strong>:<\/p>\n<ul style=\"text-align: justify;\">\n<li>\u00c8 possibile delegare un\u2019altra persona (o agenzia di servizi) con delega su carta semplice (in originale) e una fotocopia del documento di identit\u00e0 del delegante.<\/li>\n<li>E\u2019 possibile accedere alla cancelleria consolare solo a seguito della verifica dell\u2019identit\u00e0 e dei controlli di sicurezza.<\/li>\n<li>Si raccomanda di non presentarsi presso la cancelleria consolare con trolleys o bagagli voluminosi.<\/li>\n<\/ul>\n<p style=\"text-align: justify;\"><strong>IMPOSSIBILITA\u2019 A PRESENTARSI PERSONALMENTE<\/strong><\/p>\n<p style=\"text-align: justify;\">Qualora l\u2019utente sia impossibilitato a presentarsi personalmente in Ambasciata pu\u00f2 alternativamente procedere come segue:<\/p>\n<ul style=\"text-align: justify;\">\n<li>Delegare altra persona tramite apposita delega scritta su carta semplice (in originale) allegando una fotocopia del documento di identit\u00e0 del delegante.<\/li>\n<\/ul>\n<ul style=\"text-align: justify;\">\n<li>Incaricare un\u2019agenzia di pratiche amministrative, preferibilmente con sede a Roma, che si occupi, nel caso, anche delle eventuali legalizzazioni da fare presso il Dicastero per la Cultura e l\u2019Educazione e presso la Segreteria di Stato Vaticana.<\/li>\n<\/ul>\n<ul style=\"text-align: justify;\">\n<li>Inviare per posta la documentazione al seguente indirizzo:<\/li>\n<\/ul>\n<p style=\"text-align: justify;\"><strong>Ambasciata d\u2019Italia presso la Santa Sede<\/strong><\/p>\n<p style=\"text-align: justify;\"><strong>c\/o MAECI \u2013 DGAI V<\/strong><\/p>\n<p style=\"text-align: justify;\"><strong>Piazzale della Farnesina, 1<\/strong><\/p>\n<p style=\"text-align: justify;\"><strong>00135 Roma<\/strong><\/p>\n<p style=\"text-align: justify;\">In tal caso, premesso che questa Ambasciata non si assume nessuna responsabilit\u00e0 su eventuali ritardi e\/o smarrimenti della documentazione inviata per posta, l\u2019utente che ha bisogno della legalizzazione e\/o del rilascio della Dichiarazione di valore, trasmetter\u00e0 in unica busta:<\/p>\n<ul style=\"text-align: justify;\">\n<li>originale del diploma e del certificato esami (gi\u00e0 vidimati presso il Dicastero per la Cultura e l\u2019Educazione e presso la Segreteria di Stato Vaticana);<\/li>\n<li>fotocopia (fronte\/retro) di un valido documento di identit\u00e0;<\/li>\n<li>busta pre-affrancata di debite dimensioni e non piegata, completa dell\u2019indirizzo a cui si desidera venga restituita la documentazione richiesta;<\/li>\n<li>copia del bonifico bancario, di importo pari al numero di legalizzazioni richieste, effettuato sul seguente IBAN intestato all\u2019Ambasciata d\u2019Italia presso la Santa Sede: <strong>IT23 V030 7502 200C C850 1174 819<\/strong><\/li>\n<\/ul>\n<ul style=\"text-align: justify;\">\n<li>I servizi consolari prevedono il pagamento della percezione consolare nei seguenti termini:\n<ul style=\"text-align: justify;\">\n<li><strong>\u20ac 24 per ogni documento legalizzato <\/strong>(ad esempio: 1 pergamena e 1 certificato = 48 euro)<\/li>\n<li><strong>\u20ac 50<\/strong> per ciascuna <a href=\"https:\/\/ambsantasede.esteri.it\/it\/servizi-consolari-e-visti\/servizi-per-il-cittadino-italiano\/dichiarazioni-di-valore\/\">dichiarazione di valore<\/a> (ad esempio: se si richiede la dichiarazione di valore sia sul Baccalaureato che sulla Licenza, il costo sar\u00e0 di 100 euro). Il costo della dichiarazione di valore \u00e8 stato rideterminato dal 1.1.2025 in applicazione del D. Lgs. n. 139 del 18 settembre 2024 \u201cDisposizioni per la razionalizzazione dell\u2019imposta di registro, dell\u2019imposta sulle successioni e donazioni, dell\u2019imposta di bollo e degli altri tributi indiretti diversi dall\u2019IVA\u201d.<\/li>\n<\/ul>\n<\/li>\n<\/ul>\n<p style=\"text-align: justify;\"><strong>Esempio tipo: <\/strong>Richiedendo la legalizzazione di 1 diploma, di 1 certificato ed il rilascio della relativa Dichiarazione di valore, il costo totale sar\u00e0 di \u20ac 98 (24+24+50).<\/p>\n<p style=\"text-align: justify;\"><strong>MODALITA\u2019 DI PAGAMENTO <\/strong><\/p>\n<p style=\"text-align: justify;\">Nel caso in cui l\u2019utente si rechi personalmente in Ambasciata o deleghi altra persona o agenzia, il pagamento dovr\u00e0 essere effettuato <strong>IN CONTANTI<\/strong> all\u2019atto dell\u2019ottenimento del servizio richiesto.<\/p>\n<p style=\"text-align: justify;\">Qualora l\u2019utente intenda pagare tramite bonifico bancario, l\u2019operazione dovr\u00e0 essere effettuata almeno quattro giorni lavorativi prima della data fissata per l\u2019appuntamento, al seguente IBAN dell\u2019Ambasciata:<\/p>\n<p><strong>IT23 V030 7502 200C C850 1174 819<\/strong><\/p>\n<p style=\"text-align: justify;\"><strong>ATTENZIONE<\/strong>: Il pagamento a mezzo bonifico \u00e8 sempre necessario nel caso in cui l\u2019utente spedisca per posta la propria documentazione.<\/p>\n<p style=\"text-align: justify;\">Data ultimo aggiornamento: 11\/02\/2026<\/p>\n<p style=\"text-align: justify;\">\n","protected":false},"excerpt":{"rendered":"L\u2019Ambasciata d\u2019Italia presso la Santa Sede provvede, ove necessario, agli adempimenti previsti dalle disposizioni contenute nel Decreto Legislativo 3 febbraio 2011, n.71. Il titolo di studio (pergamena e certificati vari) va presentato in originale o in copia certificata conforme all\u2019originale, gi\u00e0 vidimato dal Dicastero per la Cultura e l\u2019Educazione e dalla Segreteria di Stato vaticana. [&hellip;]","protected":false},"author":4,"featured_media":0,"parent":47,"menu_order":0,"comment_status":"closed","ping_status":"closed","template":"","meta":{"footnotes":""},"class_list":["post-2082","page","type-page","status-publish","hentry"],"_links":{"self":[{"href":"https:\/\/ambsantasede.esteri.it\/it\/wp-json\/wp\/v2\/pages\/2082","targetHints":{"allow":["GET"]}}],"collection":[{"href":"https:\/\/ambsantasede.esteri.it\/it\/wp-json\/wp\/v2\/pages"}],"about":[{"href":"https:\/\/ambsantasede.esteri.it\/it\/wp-json\/wp\/v2\/types\/page"}],"author":[{"embeddable":true,"href":"https:\/\/ambsantasede.esteri.it\/it\/wp-json\/wp\/v2\/users\/4"}],"replies":[{"embeddable":true,"href":"https:\/\/ambsantasede.esteri.it\/it\/wp-json\/wp\/v2\/comments?post=2082"}],"version-history":[{"count":6,"href":"https:\/\/ambsantasede.esteri.it\/it\/wp-json\/wp\/v2\/pages\/2082\/revisions"}],"predecessor-version":[{"id":6710,"href":"https:\/\/ambsantasede.esteri.it\/it\/wp-json\/wp\/v2\/pages\/2082\/revisions\/6710"}],"up":[{"embeddable":true,"href":"https:\/\/ambsantasede.esteri.it\/it\/wp-json\/wp\/v2\/pages\/47"}],"wp:attachment":[{"href":"https:\/\/ambsantasede.esteri.it\/it\/wp-json\/wp\/v2\/media?parent=2082"}],"curies":[{"name":"wp","href":"https:\/\/api.w.org\/{rel}","templated":true}]}}